{"id":345,"date":"2023-09-19T17:59:24","date_gmt":"2023-09-19T17:59:24","guid":{"rendered":"https:\/\/www.starglidebelts.com\/?page_id=345"},"modified":"2024-02-19T13:20:41","modified_gmt":"2024-02-19T13:20:41","slug":"contact","status":"publish","type":"page","link":"https:\/\/www.starglidebelts.com\/fr\/contact\/","title":{"rendered":"Contact"},"content":{"rendered":"<h1>\u00c0 propos de l'\u00e9quipe<\/h1>\n<p>Avec plus de 100 ans d'exp\u00e9rience dans la conception de syst\u00e8mes de convoyage et 60 ans d'exp\u00e9rience dans la conception de tapis roulants, l'\u00e9quipe internationale de Starglide est pr\u00eate \u00e0 vous aider \u00e0 faire progresser vos passagers. De nos \u00e9quipes de vente et de d\u00e9veloppement aux \u00c9tats-Unis, \u00e0 notre \u00e9quipe d'ing\u00e9nieurs de classe mondiale dans les installations StarLabs en France, nous vous couvrons \u00e0 chaque \u00e9tape du processus.&nbsp;<br \/>\n&nbsp;<br \/>\nQu'attendez-vous ? Faites le premier pas vers un nouveau syst\u00e8me de marche mobile, enti\u00e8rement int\u00e9gr\u00e9 et durable.<\/p>\n<h2><a href=\"mailto:janelle.aslam@starglidebelts.com\"><b>Nous contacter<\/b><\/a><\/h2>","protected":false},"excerpt":{"rendered":"<p>A propos de l'\u00e9quipe Avec plus de 100 ans d'exp\u00e9rience dans la conception de syst\u00e8mes de convoyage et 60 ans d'exp\u00e9rience dans la conception de tapis roulants, l'\u00e9quipe internationale de Starglide est pr\u00eate \u00e0 vous aider \u00e0 faire avancer vos passagers. Depuis nos \u00e9quipes de vente et de d\u00e9veloppement aux \u00c9tats-Unis, jusqu'\u00e0 notre \u00e9quipe d'ing\u00e9nieurs de classe mondiale dans les locaux de StarLabs ...<\/p>","protected":false},"author":1,"featured_media":216,"parent":0,"menu_order":0,"comment_status":"closed","ping_status":"closed","template":"elementor_header_footer","meta":{"_seopress_robots_primary_cat":"","_seopress_titles_title":"Contact \u2013 Starglide Belt Moving Walkways","_seopress_titles_desc":"With more than 100 years of conveyor system design experience, and 60 years of moving walk belt design experience, Starglide\u2019s global team is ready and waiting to help move your passengers forward.","_seopress_robots_index":"","_genesis_block_theme_hide_title":false,"footnotes":""},"class_list":["post-345","page","type-page","status-publish","has-post-thumbnail","hentry","post","with-featured-image"],"_links":{"self":[{"href":"https:\/\/www.starglidebelts.com\/fr\/wp-json\/wp\/v2\/pages\/345"}],"collection":[{"href":"https:\/\/www.starglidebelts.com\/fr\/wp-json\/wp\/v2\/pages"}],"about":[{"href":"https:\/\/www.starglidebelts.com\/fr\/wp-json\/wp\/v2\/types\/page"}],"author":[{"embeddable":true,"href":"https:\/\/www.starglidebelts.com\/fr\/wp-json\/wp\/v2\/users\/1"}],"replies":[{"embeddable":true,"href":"https:\/\/www.starglidebelts.com\/fr\/wp-json\/wp\/v2\/comments?post=345"}],"version-history":[{"count":100,"href":"https:\/\/www.starglidebelts.com\/fr\/wp-json\/wp\/v2\/pages\/345\/revisions"}],"predecessor-version":[{"id":892,"href":"https:\/\/www.starglidebelts.com\/fr\/wp-json\/wp\/v2\/pages\/345\/revisions\/892"}],"wp:featuredmedia":[{"embeddable":true,"href":"https:\/\/www.starglidebelts.com\/fr\/wp-json\/wp\/v2\/media\/216"}],"wp:attachment":[{"href":"https:\/\/www.starglidebelts.com\/fr\/wp-json\/wp\/v2\/media?parent=345"}],"curies":[{"name":"wp","href":"https:\/\/api.w.org\/{rel}","templated":true}]}}