{"id":341,"date":"2023-09-19T17:59:13","date_gmt":"2023-09-19T17:59:13","guid":{"rendered":"https:\/\/www.starglidebelts.com\/?page_id=341"},"modified":"2024-02-19T13:31:24","modified_gmt":"2024-02-19T13:31:24","slug":"customizable","status":"publish","type":"page","link":"https:\/\/www.starglidebelts.com\/fr\/","title":{"rendered":"Personnalisable"},"content":{"rendered":"<div data-elementor-type=\"wp-page\" data-elementor-id=\"341\" class=\"elementor elementor-341\" data-elementor-post-type=\"page\">\n\t\t\t\t<div data-particle_enable=\"false\" data-particle-mobile-disabled=\"false\" class=\"elementor-element elementor-element-c95232d e-con-full e-flex e-con e-parent\" data-id=\"c95232d\" data-element_type=\"container\" data-settings=\"{&quot;background_background&quot;:&quot;classic&quot;}\">\n\t\t<div data-particle_enable=\"false\" data-particle-mobile-disabled=\"false\" class=\"elementor-element elementor-element-07efff7 e-flex e-con-boxed e-con e-child\" data-id=\"07efff7\" data-element_type=\"container\">\n\t\t\t\t\t<div class=\"e-con-inner\">\n\t\t<div data-particle_enable=\"false\" data-particle-mobile-disabled=\"false\" class=\"elementor-element elementor-element-6a69604 e-con-full e-flex e-con e-child\" data-id=\"6a69604\" data-element_type=\"container\" data-settings=\"{&quot;background_background&quot;:&quot;classic&quot;}\">\n\t\t\t\t<div class=\"elementor-element elementor-element-82950b8 elementor-widget elementor-widget-heading\" data-id=\"82950b8\" data-element_type=\"widget\" data-widget_type=\"heading.default\">\n\t\t\t\t<div class=\"elementor-widget-container\">\n\t\t\t\t\t<h1 class=\"elementor-heading-title elementor-size-default\">Personnalisable pour s'adapter \u00e0 presque tous les espaces de passage !<\/h1>\t\t\t\t<\/div>\n\t\t\t\t<\/div>\n\t\t\t\t<\/div>\n\t\t<div data-particle_enable=\"false\" data-particle-mobile-disabled=\"false\" class=\"elementor-element elementor-element-4841a65 e-con-full e-flex e-con e-child\" data-id=\"4841a65\" data-element_type=\"container\" data-settings=\"{&quot;background_background&quot;:&quot;classic&quot;}\">\n\t\t<div data-particle_enable=\"false\" data-particle-mobile-disabled=\"false\" class=\"elementor-element elementor-element-ae205f6 elementor-hidden-mobile e-flex e-con-boxed e-con e-child\" data-id=\"ae205f6\" data-element_type=\"container\">\n\t\t\t\t\t<div class=\"e-con-inner\">\n\t\t\t\t\t<\/div>\n\t\t\t\t<\/div>\n\t\t<div data-particle_enable=\"false\" data-particle-mobile-disabled=\"false\" class=\"elementor-element elementor-element-71bfa5d e-flex e-con-boxed e-con e-child\" data-id=\"71bfa5d\" data-element_type=\"container\">\n\t\t\t\t\t<div class=\"e-con-inner\">\n\t\t\t\t<div class=\"elementor-element elementor-element-d763dd2 elementor-widget elementor-widget-text-editor\" data-id=\"d763dd2\" data-element_type=\"widget\" data-widget_type=\"text-editor.default\">\n\t\t\t\t<div class=\"elementor-widget-container\">\n\t\t\t\t\t\t\t\t\t<p class=\"p1\">La bande Starglide perturbe le moins possible votre sol actuel ! Notre bande a une bonne flexibilit\u00e9 longitudinale qui lui permet de s'enrouler facilement autour de petites poulies terminales, et donc de fonctionner avec des profondeurs relativement faibles. Gr\u00e2ce \u00e0 de solides renforts, le syst\u00e8me Starglide est suffisamment polyvalent pour s'adapter \u00e0 un large \u00e9ventail de conditions d'exploitation. Gr\u00e2ce \u00e0 sa surface antid\u00e9rapante, il peut \u00e9galement \u00eatre install\u00e9 dans des zones susceptibles d'\u00eatre mouill\u00e9es, comme les parkings et les espaces ext\u00e9rieurs.<\/p>\t\t\t\t\t\t\t\t<\/div>\n\t\t\t\t<\/div>\n\t\t\t\t\t<\/div>\n\t\t\t\t<\/div>\n\t\t\t\t<\/div>\n\t\t\t\t\t<\/div>\n\t\t\t\t<\/div>\n\t\t\t\t<\/div>\n\t\t<div data-particle_enable=\"false\" data-particle-mobile-disabled=\"false\" class=\"elementor-element elementor-element-6912e34 e-con-full e-flex e-con e-child\" data-id=\"6912e34\" data-element_type=\"container\" data-settings=\"{&quot;background_background&quot;:&quot;classic&quot;}\">\n\t\t<div data-particle_enable=\"false\" data-particle-mobile-disabled=\"false\" class=\"elementor-element elementor-element-c91f78c e-flex e-con-boxed e-con e-child\" data-id=\"c91f78c\" data-element_type=\"container\">\n\t\t\t\t\t<div class=\"e-con-inner\">\n\t\t<div data-particle_enable=\"false\" data-particle-mobile-disabled=\"false\" class=\"elementor-element elementor-element-74f8e3a e-con-full e-flex e-con e-child\" data-id=\"74f8e3a\" data-element_type=\"container\">\n\t\t\t\t<div class=\"elementor-element elementor-element-20ff433 elementor-widget elementor-widget-video\" data-id=\"20ff433\" data-element_type=\"widget\" data-settings=\"{&quot;loop&quot;:&quot;yes&quot;,&quot;video_type&quot;:&quot;vimeo&quot;}\" data-widget_type=\"video.default\">\n\t\t\t\t<div class=\"elementor-widget-container\">\n\t\t\t\t\t\t\t<div class=\"elementor-wrapper elementor-open-inline\">\n\t\t\t<iframe class=\"elementor-video-iframe\" allowfullscreen allow=\"clipboard-write\" title=\"Lecteur vid\u00e9o vimeo\" src=\"https:\/\/player.vimeo.com\/video\/868897759?color&amp;autopause=0&amp;loop=1&amp;muted=0&amp;title=0&amp;portrait=0&amp;byline=0#t=\"><\/iframe>\t\t<\/div>\n\t\t\t\t\t\t<\/div>\n\t\t\t\t<\/div>\n\t\t\t\t<\/div>\n\t\t<div data-particle_enable=\"false\" data-particle-mobile-disabled=\"false\" class=\"elementor-element elementor-element-7cbeea5 e-con-full e-flex e-con e-child\" data-id=\"7cbeea5\" data-element_type=\"container\">\n\t\t\t\t<div class=\"elementor-element elementor-element-fd03694 elementor-widget elementor-widget-heading\" data-id=\"fd03694\" data-element_type=\"widget\" data-widget_type=\"heading.default\">\n\t\t\t\t<div class=\"elementor-widget-container\">\n\t\t\t\t\t<h2 class=\"elementor-heading-title elementor-size-default\">Comment s'adapte-t-il ?<\/h2>\t\t\t\t<\/div>\n\t\t\t\t<\/div>\n\t\t\t\t<div class=\"elementor-element elementor-element-c9c5dc9 elementor-widget elementor-widget-text-editor\" data-id=\"c9c5dc9\" data-element_type=\"widget\" data-widget_type=\"text-editor.default\">\n\t\t\t\t<div class=\"elementor-widget-container\">\n\t\t\t\t\t\t\t\t\t<p>Le fonctionnement du syst\u00e8me de courroie est beaucoup plus souple que celui d'un syst\u00e8me de palettes \u00e0 cha\u00eene. Nos dimensions limites s'adaptent \u00e0 toutes les ouvertures existantes et peuvent \u00eatre personnalis\u00e9es pour s'adapter \u00e0 n'importe quel espace avec un minimum de perturbation. Que vous remplaciez, agrandissiez ou partiez de z\u00e9ro, nous travaillerons avec vous pour mettre au point un concept r\u00e9ussi qui s'adaptera exactement \u00e0 votre espace.\u00a0<\/p>\t\t\t\t\t\t\t\t<\/div>\n\t\t\t\t<\/div>\n\t\t\t\t<\/div>\n\t\t\t\t\t<\/div>\n\t\t\t\t<\/div>\n\t\t\t\t<\/div>\n\t\t<div data-particle_enable=\"false\" data-particle-mobile-disabled=\"false\" class=\"elementor-element elementor-element-4a13283 e-flex e-con-boxed e-con e-parent\" data-id=\"4a13283\" data-element_type=\"container\" data-settings=\"{&quot;background_background&quot;:&quot;classic&quot;}\">\n\t\t\t\t\t<div class=\"e-con-inner\">\n\t\t\t\t<div class=\"elementor-element elementor-element-2273f91 elementor-widget elementor-widget-heading\" data-id=\"2273f91\" data-element_type=\"widget\" data-widget_type=\"heading.default\">\n\t\t\t\t<div class=\"elementor-widget-container\">\n\t\t\t\t\t<h2 class=\"elementor-heading-title elementor-size-default\">Votre longueur, votre largeur, notre design !<\/h2>\t\t\t\t<\/div>\n\t\t\t\t<\/div>\n\t\t\t\t<div class=\"elementor-element elementor-element-a950891 elementor-widget-divider--view-line elementor-widget elementor-widget-divider\" data-id=\"a950891\" data-element_type=\"widget\" data-widget_type=\"divider.default\">\n\t\t\t\t<div class=\"elementor-widget-container\">\n\t\t\t\t\t\t\t<div class=\"elementor-divider\">\n\t\t\t<span class=\"elementor-divider-separator\">\n\t\t\t\t\t\t<\/span>\n\t\t<\/div>\n\t\t\t\t\t\t<\/div>\n\t\t\t\t<\/div>\n\t\t\t\t<div class=\"elementor-element elementor-element-4d142b7 elementor-widget elementor-widget-text-editor\" data-id=\"4d142b7\" data-element_type=\"widget\" data-widget_type=\"text-editor.default\">\n\t\t\t\t<div class=\"elementor-widget-container\">\n\t\t\t\t\t\t\t\t\t<p>Personnalisable en fonction de la longueur ou de la largeur.<\/p>\t\t\t\t\t\t\t\t<\/div>\n\t\t\t\t<\/div>\n\t\t\t\t<div class=\"elementor-element elementor-element-0dcef88 elementor-widget elementor-widget-image\" data-id=\"0dcef88\" data-element_type=\"widget\" data-widget_type=\"image.default\">\n\t\t\t\t<div class=\"elementor-widget-container\">\n\t\t\t\t\t\t\t\t\t\t\t\t\t\t\t<img decoding=\"async\" width=\"1024\" height=\"45\" src=\"https:\/\/www.starglidebelts.com\/wp-content\/uploads\/2023\/09\/MIC_fits_anywhere_illustration_top-1024x45.png\" class=\"attachment-large size-large wp-image-668\" alt=\"\" srcset=\"https:\/\/www.starglidebelts.com\/wp-content\/uploads\/2023\/09\/MIC_fits_anywhere_illustration_top-1024x45.png 1024w, https:\/\/www.starglidebelts.com\/wp-content\/uploads\/2023\/09\/MIC_fits_anywhere_illustration_top-300x13.png 300w, https:\/\/www.starglidebelts.com\/wp-content\/uploads\/2023\/09\/MIC_fits_anywhere_illustration_top-768x34.png 768w, https:\/\/www.starglidebelts.com\/wp-content\/uploads\/2023\/09\/MIC_fits_anywhere_illustration_top-1536x68.png 1536w, https:\/\/www.starglidebelts.com\/wp-content\/uploads\/2023\/09\/MIC_fits_anywhere_illustration_top-2048x91.png 2048w, https:\/\/www.starglidebelts.com\/wp-content\/uploads\/2023\/09\/MIC_fits_anywhere_illustration_top-1200x53.png 1200w, https:\/\/www.starglidebelts.com\/wp-content\/uploads\/2023\/09\/MIC_fits_anywhere_illustration_top-1400x62.png 1400w\" sizes=\"(max-width: 1024px) 100vw, 1024px\" \/>\t\t\t\t\t\t\t\t\t\t\t\t\t\t\t<\/div>\n\t\t\t\t<\/div>\n\t\t\t\t<div class=\"elementor-element elementor-element-ac13f9e elementor-widget elementor-widget-text-editor\" data-id=\"ac13f9e\" data-element_type=\"widget\" data-widget_type=\"text-editor.default\">\n\t\t\t\t<div class=\"elementor-widget-container\">\n\t\t\t\t\t\t\t\t\t<p>Courroie en caoutchouc continue = s'adapte \u00e0 toutes les tailles, exactement.<\/p>\t\t\t\t\t\t\t\t<\/div>\n\t\t\t\t<\/div>\n\t\t\t\t<div class=\"elementor-element elementor-element-4bba26f elementor-widget elementor-widget-image\" data-id=\"4bba26f\" data-element_type=\"widget\" data-widget_type=\"image.default\">\n\t\t\t\t<div class=\"elementor-widget-container\">\n\t\t\t\t\t\t\t\t\t\t\t\t\t\t\t<img fetchpriority=\"high\" decoding=\"async\" width=\"1024\" height=\"102\" src=\"https:\/\/www.starglidebelts.com\/wp-content\/uploads\/2023\/09\/MIC_fits_anywhere_illustration_side-1024x102.png\" class=\"attachment-large size-large wp-image-666\" alt=\"\" srcset=\"https:\/\/www.starglidebelts.com\/wp-content\/uploads\/2023\/09\/MIC_fits_anywhere_illustration_side-1024x102.png 1024w, https:\/\/www.starglidebelts.com\/wp-content\/uploads\/2023\/09\/MIC_fits_anywhere_illustration_side-300x30.png 300w, https:\/\/www.starglidebelts.com\/wp-content\/uploads\/2023\/09\/MIC_fits_anywhere_illustration_side-768x76.png 768w, https:\/\/www.starglidebelts.com\/wp-content\/uploads\/2023\/09\/MIC_fits_anywhere_illustration_side-1536x152.png 1536w, https:\/\/www.starglidebelts.com\/wp-content\/uploads\/2023\/09\/MIC_fits_anywhere_illustration_side-2048x203.png 2048w, https:\/\/www.starglidebelts.com\/wp-content\/uploads\/2023\/09\/MIC_fits_anywhere_illustration_side-1200x119.png 1200w, https:\/\/www.starglidebelts.com\/wp-content\/uploads\/2023\/09\/MIC_fits_anywhere_illustration_side-1400x139.png 1400w\" sizes=\"(max-width: 1024px) 100vw, 1024px\" \/>\t\t\t\t\t\t\t\t\t\t\t\t\t\t\t<\/div>\n\t\t\t\t<\/div>\n\t\t\t\t<div class=\"elementor-element elementor-element-f86df1e elementor-widget elementor-widget-text-editor\" data-id=\"f86df1e\" data-element_type=\"widget\" data-widget_type=\"text-editor.default\">\n\t\t\t\t<div class=\"elementor-widget-container\">\n\t\t\t\t\t\t\t\t\t<p>Faible profondeur de la poutrelle = fosses plus petites.<\/p>\t\t\t\t\t\t\t\t<\/div>\n\t\t\t\t<\/div>\n\t\t\t\t\t<\/div>\n\t\t\t\t<\/div>\n\t\t<div data-particle_enable=\"false\" data-particle-mobile-disabled=\"false\" class=\"elementor-element elementor-element-ce7ad01 e-con-full e-flex e-con e-parent\" data-id=\"ce7ad01\" data-element_type=\"container\">\n\t\t<div data-particle_enable=\"false\" data-particle-mobile-disabled=\"false\" class=\"elementor-element elementor-element-3c416ff e-flex e-con-boxed e-con e-child\" data-id=\"3c416ff\" data-element_type=\"container\">\n\t\t\t\t\t<div class=\"e-con-inner\">\n\t\t<div data-particle_enable=\"false\" data-particle-mobile-disabled=\"false\" class=\"elementor-element elementor-element-bcef7fd elementor-hidden-desktop elementor-hidden-tablet elementor-hidden-mobile e-flex e-con-boxed e-con e-child\" data-id=\"bcef7fd\" data-element_type=\"container\" data-settings=\"{&quot;background_background&quot;:&quot;classic&quot;}\">\n\t\t\t\t\t<div class=\"e-con-inner\">\n\t\t\t\t<div class=\"elementor-element elementor-element-23f94c0 elementor-widget elementor-widget-heading\" data-id=\"23f94c0\" data-element_type=\"widget\" data-widget_type=\"heading.default\">\n\t\t\t\t<div class=\"elementor-widget-container\">\n\t\t\t\t\t<h1 class=\"elementor-heading-title elementor-size-default\">Tapis roulants\n<br>Autour du monde.<\/h1>\t\t\t\t<\/div>\n\t\t\t\t<\/div>\n\t\t\t\t<div class=\"elementor-element elementor-element-aa149b2 elementor-widget elementor-widget-image\" data-id=\"aa149b2\" data-element_type=\"widget\" data-widget_type=\"image.default\">\n\t\t\t\t<div class=\"elementor-widget-container\">\n\t\t\t\t\t\t\t\t\t\t\t\t\t\t\t<img decoding=\"async\" width=\"1013\" height=\"1024\" src=\"https:\/\/www.starglidebelts.com\/wp-content\/uploads\/2023\/09\/MIC_Illustration_World_05.22.22-1013x1024.png\" class=\"attachment-large size-large wp-image-469\" alt=\"\" srcset=\"https:\/\/www.starglidebelts.com\/wp-content\/uploads\/2023\/09\/MIC_Illustration_World_05.22.22-1013x1024.png 1013w, https:\/\/www.starglidebelts.com\/wp-content\/uploads\/2023\/09\/MIC_Illustration_World_05.22.22-297x300.png 297w, https:\/\/www.starglidebelts.com\/wp-content\/uploads\/2023\/09\/MIC_Illustration_World_05.22.22-768x776.png 768w, https:\/\/www.starglidebelts.com\/wp-content\/uploads\/2023\/09\/MIC_Illustration_World_05.22.22-1520x1536.png 1520w, https:\/\/www.starglidebelts.com\/wp-content\/uploads\/2023\/09\/MIC_Illustration_World_05.22.22-2026x2048.png 2026w, https:\/\/www.starglidebelts.com\/wp-content\/uploads\/2023\/09\/MIC_Illustration_World_05.22.22-1200x1213.png 1200w, https:\/\/www.starglidebelts.com\/wp-content\/uploads\/2023\/09\/MIC_Illustration_World_05.22.22-1400x1415.png 1400w, https:\/\/www.starglidebelts.com\/wp-content\/uploads\/2023\/09\/MIC_Illustration_World_05.22.22-300x303.png 300w\" sizes=\"(max-width: 1013px) 100vw, 1013px\" \/>\t\t\t\t\t\t\t\t\t\t\t\t\t\t\t<\/div>\n\t\t\t\t<\/div>\n\t\t\t\t\t<\/div>\n\t\t\t\t<\/div>\n\t\t<div data-particle_enable=\"false\" data-particle-mobile-disabled=\"false\" class=\"elementor-element elementor-element-d1b3e5d e-flex e-con-boxed e-con e-child\" data-id=\"d1b3e5d\" data-element_type=\"container\">\n\t\t\t\t\t<div class=\"e-con-inner\">\n\t\t\t\t<div class=\"elementor-element elementor-element-c8805e0 elementor-widget elementor-widget-heading\" data-id=\"c8805e0\" data-element_type=\"widget\" data-widget_type=\"heading.default\">\n\t\t\t\t<div class=\"elementor-widget-container\">\n\t\t\t\t\t<h2 class=\"elementor-heading-title elementor-size-default\">Faites vos premiers pas d\u00e8s aujourd'hui :<\/h2>\t\t\t\t<\/div>\n\t\t\t\t<\/div>\n\t\t\t\t<div class=\"elementor-element elementor-element-d6e5050 elementor-widget elementor-widget-button\" data-id=\"d6e5050\" data-element_type=\"widget\" data-widget_type=\"button.default\">\n\t\t\t\t<div class=\"elementor-widget-container\">\n\t\t\t\t\t\t\t\t\t<div class=\"elementor-button-wrapper\">\n\t\t\t\t\t<a class=\"elementor-button elementor-button-link elementor-size-sm\" href=\"mailto:janelle.aslam@starglidebelts.com\" target=\"_blank\">\n\t\t\t\t\t\t<span class=\"elementor-button-content-wrapper\">\n\t\t\t\t\t\t\t\t\t<span class=\"elementor-button-text\">Nous contacter<\/span>\n\t\t\t\t\t<\/span>\n\t\t\t\t\t<\/a>\n\t\t\t\t<\/div>\n\t\t\t\t\t\t\t\t<\/div>\n\t\t\t\t<\/div>\n\t\t\t\t\t<\/div>\n\t\t\t\t<\/div>\n\t\t\t\t\t<\/div>\n\t\t\t\t<\/div>\n\t\t\t\t<\/div>\n\t\t\t\t<\/div>","protected":false},"excerpt":{"rendered":"<p>Personnalisable pour s'adapter \u00e0 presque tous les espaces de passage ! Starglide perturbe le moins possible votre sol actuel ! Notre courroie a une bonne flexibilit\u00e9 longitudinale qui lui permet de s'enrouler facilement autour de petites poulies terminales, et donc de fonctionner avec des profondeurs relativement faibles. Gr\u00e2ce \u00e0 de solides renforts, le syst\u00e8me Starglide est suffisamment polyvalent pour s'adapter \u00e0 une large gamme de conditions d'utilisation. Gr\u00e2ce \u00e0 notre ...<\/p>","protected":false},"author":1,"featured_media":216,"parent":0,"menu_order":0,"comment_status":"closed","ping_status":"closed","template":"elementor_header_footer","meta":{"_seopress_robots_primary_cat":"","_seopress_titles_title":"Customizable \u2013 Starglide Belt Moving Walkways","_seopress_titles_desc":"Customizable to fit almost any walkway space \u2013\u00a0customized to fit any space with minimal disruption. Whether you\u2019re replacing, extending or starting from scratch, we will work with you to come up with a successful design concept to fit your space, exactly. ","_seopress_robots_index":"","_genesis_block_theme_hide_title":false,"footnotes":""},"class_list":["post-341","page","type-page","status-publish","has-post-thumbnail","hentry","post","with-featured-image"],"_links":{"self":[{"href":"https:\/\/www.starglidebelts.com\/fr\/wp-json\/wp\/v2\/pages\/341"}],"collection":[{"href":"https:\/\/www.starglidebelts.com\/fr\/wp-json\/wp\/v2\/pages"}],"about":[{"href":"https:\/\/www.starglidebelts.com\/fr\/wp-json\/wp\/v2\/types\/page"}],"author":[{"embeddable":true,"href":"https:\/\/www.starglidebelts.com\/fr\/wp-json\/wp\/v2\/users\/1"}],"replies":[{"embeddable":true,"href":"https:\/\/www.starglidebelts.com\/fr\/wp-json\/wp\/v2\/comments?post=341"}],"version-history":[{"count":64,"href":"https:\/\/www.starglidebelts.com\/fr\/wp-json\/wp\/v2\/pages\/341\/revisions"}],"predecessor-version":[{"id":900,"href":"https:\/\/www.starglidebelts.com\/fr\/wp-json\/wp\/v2\/pages\/341\/revisions\/900"}],"wp:featuredmedia":[{"embeddable":true,"href":"https:\/\/www.starglidebelts.com\/fr\/wp-json\/wp\/v2\/media\/216"}],"wp:attachment":[{"href":"https:\/\/www.starglidebelts.com\/fr\/wp-json\/wp\/v2\/media?parent=341"}],"curies":[{"name":"wp","href":"https:\/\/api.w.org\/{rel}","templated":true}]}}