{"id":345,"date":"2023-09-19T17:59:24","date_gmt":"2023-09-19T17:59:24","guid":{"rendered":"https:\/\/www.starglidebelts.com\/?page_id=345"},"modified":"2024-02-19T13:20:41","modified_gmt":"2024-02-19T13:20:41","slug":"contact","status":"publish","type":"page","link":"https:\/\/www.starglidebelts.com\/es\/contact\/","title":{"rendered":"P\u00f3ngase en contacto con"},"content":{"rendered":"<h1>Acerca del equipo<\/h1>\n<p>Con m\u00e1s de 100 a\u00f1os de experiencia en el dise\u00f1o de sistemas transportadores y 60 a\u00f1os de experiencia en el dise\u00f1o de bandas transportadoras m\u00f3viles, el equipo global de Starglide est\u00e1 listo y esperando para ayudarle a hacer avanzar a sus pasajeros. Desde nuestros equipos de ventas y desarrollo en los Estados Unidos, hasta nuestro equipo de ingenieros de clase mundial en las instalaciones de StarLabs en Francia, lo tenemos cubierto en cada paso del camino.&nbsp;<br \/>\n&nbsp;<br \/>\n\u00bfA qu\u00e9 espera? D\u00e9 el primer paso hacia un nuevo sistema de pasillos rodantes totalmente integrado y sostenible.<\/p>\n<h2><a href=\"mailto:janelle.aslam@starglidebelts.com\"><b>Contacte con nosotros<\/b><\/a><\/h2>","protected":false},"excerpt":{"rendered":"<p>Acerca del equipo Con m\u00e1s de 100 a\u00f1os de experiencia en el dise\u00f1o de sistemas transportadores y 60 a\u00f1os de experiencia en el dise\u00f1o de bandas transportadoras m\u00f3viles, el equipo global de Starglide est\u00e1 listo y esperando para ayudarle a hacer avanzar a sus pasajeros. Desde nuestros equipos de ventas y desarrollo en Estados Unidos, hasta nuestro equipo de ingenieros de clase mundial en las instalaciones de StarLabs ...<\/p>","protected":false},"author":1,"featured_media":216,"parent":0,"menu_order":0,"comment_status":"closed","ping_status":"closed","template":"elementor_header_footer","meta":{"_seopress_robots_primary_cat":"","_seopress_titles_title":"Contact \u2013 Starglide Belt Moving Walkways","_seopress_titles_desc":"With more than 100 years of conveyor system design experience, and 60 years of moving walk belt design experience, Starglide\u2019s global team is ready and waiting to help move your passengers forward.","_seopress_robots_index":"","_genesis_block_theme_hide_title":false,"footnotes":""},"class_list":["post-345","page","type-page","status-publish","has-post-thumbnail","hentry","post","with-featured-image"],"_links":{"self":[{"href":"https:\/\/www.starglidebelts.com\/es\/wp-json\/wp\/v2\/pages\/345"}],"collection":[{"href":"https:\/\/www.starglidebelts.com\/es\/wp-json\/wp\/v2\/pages"}],"about":[{"href":"https:\/\/www.starglidebelts.com\/es\/wp-json\/wp\/v2\/types\/page"}],"author":[{"embeddable":true,"href":"https:\/\/www.starglidebelts.com\/es\/wp-json\/wp\/v2\/users\/1"}],"replies":[{"embeddable":true,"href":"https:\/\/www.starglidebelts.com\/es\/wp-json\/wp\/v2\/comments?post=345"}],"version-history":[{"count":100,"href":"https:\/\/www.starglidebelts.com\/es\/wp-json\/wp\/v2\/pages\/345\/revisions"}],"predecessor-version":[{"id":892,"href":"https:\/\/www.starglidebelts.com\/es\/wp-json\/wp\/v2\/pages\/345\/revisions\/892"}],"wp:featuredmedia":[{"embeddable":true,"href":"https:\/\/www.starglidebelts.com\/es\/wp-json\/wp\/v2\/media\/216"}],"wp:attachment":[{"href":"https:\/\/www.starglidebelts.com\/es\/wp-json\/wp\/v2\/media?parent=345"}],"curies":[{"name":"wp","href":"https:\/\/api.w.org\/{rel}","templated":true}]}}