{"id":345,"date":"2023-09-19T17:59:24","date_gmt":"2023-09-19T17:59:24","guid":{"rendered":"https:\/\/www.starglidebelts.com\/?page_id=345"},"modified":"2024-02-19T13:20:41","modified_gmt":"2024-02-19T13:20:41","slug":"contact","status":"publish","type":"page","link":"https:\/\/www.starglidebelts.com\/de\/contact\/","title":{"rendered":"Kontakt"},"content":{"rendered":"<h1>\u00dcber das Team<\/h1>\n<p>Mit mehr als 100 Jahren Erfahrung in der Entwicklung von F\u00f6rdersystemen und 60 Jahren Erfahrung in der Entwicklung von Laufb\u00e4ndern steht das globale Team von Starglide bereit, um Ihre Passagiere voranzubringen. Von unseren Vertriebs- und Entwicklungsteams in den Vereinigten Staaten bis hin zu unserem Team von Weltklasse-Ingenieuren in den StarLabs in Frankreich - wir begleiten Sie bei jedem Schritt auf Ihrem Weg.&nbsp;<br \/>\n&nbsp;<br \/>\nWorauf warten Sie noch? Machen Sie den ersten Schritt zu einem neuen, voll integrierten, nachhaltigen Fahrsteigsystem.<\/p>\n<h2><a href=\"mailto:janelle.aslam@starglidebelts.com\"><b>Kontakt<\/b><\/a><\/h2>","protected":false},"excerpt":{"rendered":"<p>\u00dcber das Team Mit mehr als 100 Jahren Erfahrung in der Entwicklung von F\u00f6rdersystemen und 60 Jahren Erfahrung in der Entwicklung von Laufb\u00e4ndern steht das globale Team von Starglide bereit, um Ihre Passagiere voranzubringen. Von unseren Vertriebs- und Entwicklungsteams in den Vereinigten Staaten bis hin zu unserem Team von Weltklasse-Ingenieuren im StarLabs-Werk ...<\/p>","protected":false},"author":1,"featured_media":216,"parent":0,"menu_order":0,"comment_status":"closed","ping_status":"closed","template":"elementor_header_footer","meta":{"_seopress_robots_primary_cat":"","_seopress_titles_title":"Contact \u2013 Starglide Belt Moving Walkways","_seopress_titles_desc":"With more than 100 years of conveyor system design experience, and 60 years of moving walk belt design experience, Starglide\u2019s global team is ready and waiting to help move your passengers forward.","_seopress_robots_index":"","_genesis_block_theme_hide_title":false,"footnotes":""},"class_list":["post-345","page","type-page","status-publish","has-post-thumbnail","hentry","post","with-featured-image"],"_links":{"self":[{"href":"https:\/\/www.starglidebelts.com\/de\/wp-json\/wp\/v2\/pages\/345"}],"collection":[{"href":"https:\/\/www.starglidebelts.com\/de\/wp-json\/wp\/v2\/pages"}],"about":[{"href":"https:\/\/www.starglidebelts.com\/de\/wp-json\/wp\/v2\/types\/page"}],"author":[{"embeddable":true,"href":"https:\/\/www.starglidebelts.com\/de\/wp-json\/wp\/v2\/users\/1"}],"replies":[{"embeddable":true,"href":"https:\/\/www.starglidebelts.com\/de\/wp-json\/wp\/v2\/comments?post=345"}],"version-history":[{"count":100,"href":"https:\/\/www.starglidebelts.com\/de\/wp-json\/wp\/v2\/pages\/345\/revisions"}],"predecessor-version":[{"id":892,"href":"https:\/\/www.starglidebelts.com\/de\/wp-json\/wp\/v2\/pages\/345\/revisions\/892"}],"wp:featuredmedia":[{"embeddable":true,"href":"https:\/\/www.starglidebelts.com\/de\/wp-json\/wp\/v2\/media\/216"}],"wp:attachment":[{"href":"https:\/\/www.starglidebelts.com\/de\/wp-json\/wp\/v2\/media?parent=345"}],"curies":[{"name":"wp","href":"https:\/\/api.w.org\/{rel}","templated":true}]}}