{"id":333,"date":"2023-09-19T17:58:29","date_gmt":"2023-09-19T17:58:29","guid":{"rendered":"https:\/\/www.starglidebelts.com\/?page_id=333"},"modified":"2023-09-29T17:46:31","modified_gmt":"2023-09-29T17:46:31","slug":"easy-safe","status":"publish","type":"page","link":"https:\/\/www.starglidebelts.com\/de\/easy-safe\/","title":{"rendered":"Einfach und sicher"},"content":{"rendered":"<div data-elementor-type=\"wp-page\" data-elementor-id=\"333\" class=\"elementor elementor-333\" data-elementor-post-type=\"page\">\n\t\t\t\t<div data-particle_enable=\"false\" data-particle-mobile-disabled=\"false\" class=\"elementor-element elementor-element-f18071a e-flex e-con-boxed e-con e-parent\" data-id=\"f18071a\" data-element_type=\"container\" data-settings=\"{&quot;background_background&quot;:&quot;classic&quot;}\">\n\t\t\t\t\t<div class=\"e-con-inner\">\n\t\t\t\t<div class=\"elementor-element elementor-element-93b9784 elementor-hidden-mobile elementor-widget elementor-widget-text-editor\" data-id=\"93b9784\" data-element_type=\"widget\" data-widget_type=\"text-editor.default\">\n\t\t\t\t<div class=\"elementor-widget-container\">\n\t\t\t\t\t\t\t\t\t<p>Eine bessere, <span style=\"text-decoration: underline;\">Sicherer und bequemer Weg<br \/><\/span>um die Fahrg\u00e4ste voranzubringen.<\/p>\t\t\t\t\t\t\t\t<\/div>\n\t\t\t\t<\/div>\n\t\t\t\t<div class=\"elementor-element elementor-element-b2ee14d elementor-hidden-desktop elementor-hidden-tablet elementor-widget elementor-widget-text-editor\" data-id=\"b2ee14d\" data-element_type=\"widget\" data-widget_type=\"text-editor.default\">\n\t\t\t\t<div class=\"elementor-widget-container\">\n\t\t\t\t\t\t\t\t\t<p>Eine bessere, <span style=\"text-decoration: underline;\">Sicherer und bequemer Weg<\/span>\u00a0um die Fahrg\u00e4ste voranzubringen.<\/p>\t\t\t\t\t\t\t\t<\/div>\n\t\t\t\t<\/div>\n\t\t<div data-particle_enable=\"false\" data-particle-mobile-disabled=\"false\" class=\"elementor-element elementor-element-ef99500 e-flex e-con-boxed e-con e-child\" data-id=\"ef99500\" data-element_type=\"container\">\n\t\t\t\t\t<div class=\"e-con-inner\">\n\t\t<div data-particle_enable=\"false\" data-particle-mobile-disabled=\"false\" class=\"elementor-element elementor-element-3bf3184 e-con-full e-flex e-con e-child\" data-id=\"3bf3184\" data-element_type=\"container\" data-settings=\"{&quot;background_background&quot;:&quot;classic&quot;}\">\n\t\t\t\t<div class=\"elementor-element elementor-element-0c8d3b7 elementor-widget elementor-widget-image\" data-id=\"0c8d3b7\" data-element_type=\"widget\" data-widget_type=\"image.default\">\n\t\t\t\t<div class=\"elementor-widget-container\">\n\t\t\t\t\t\t\t\t\t\t\t\t\t\t\t<img fetchpriority=\"high\" decoding=\"async\" width=\"240\" height=\"232\" src=\"https:\/\/www.starglidebelts.com\/wp-content\/uploads\/2023\/09\/MIC_SafetyGuide_03.06.23_slippery.png\" class=\"attachment-large size-large wp-image-529\" alt=\"\" \/>\t\t\t\t\t\t\t\t\t\t\t\t\t\t\t<\/div>\n\t\t\t\t<\/div>\n\t\t\t\t<div class=\"elementor-element elementor-element-8f3c029 elementor-widget elementor-widget-text-editor\" data-id=\"8f3c029\" data-element_type=\"widget\" data-widget_type=\"text-editor.default\">\n\t\t\t\t<div class=\"elementor-widget-container\">\n\t\t\t\t\t\t\t\t\t<p>NICHT SCHLAGF\u00c4HIG<br \/>WENN NASS<\/p>\t\t\t\t\t\t\t\t<\/div>\n\t\t\t\t<\/div>\n\t\t\t\t<\/div>\n\t\t<div data-particle_enable=\"false\" data-particle-mobile-disabled=\"false\" class=\"elementor-element elementor-element-9149a4f e-con-full e-flex e-con e-child\" data-id=\"9149a4f\" data-element_type=\"container\" data-settings=\"{&quot;background_background&quot;:&quot;classic&quot;}\">\n\t\t\t\t<div class=\"elementor-element elementor-element-fa3a43d elementor-widget elementor-widget-image\" data-id=\"fa3a43d\" data-element_type=\"widget\" data-widget_type=\"image.default\">\n\t\t\t\t<div class=\"elementor-widget-container\">\n\t\t\t\t\t\t\t\t\t\t\t\t\t\t\t<img decoding=\"async\" width=\"240\" height=\"232\" src=\"https:\/\/www.starglidebelts.com\/wp-content\/uploads\/2023\/09\/MIC_SafetyGuide_03.06.23_pinching.png\" class=\"attachment-large size-large wp-image-528\" alt=\"\" \/>\t\t\t\t\t\t\t\t\t\t\t\t\t\t\t<\/div>\n\t\t\t\t<\/div>\n\t\t\t\t<div class=\"elementor-element elementor-element-3af5c7b elementor-widget elementor-widget-text-editor\" data-id=\"3af5c7b\" data-element_type=\"widget\" data-widget_type=\"text-editor.default\">\n\t\t\t\t<div class=\"elementor-widget-container\">\n\t\t\t\t\t\t\t\t\t<p>GERINGERES RISIKO DES EINKLEMMENS<\/p>\t\t\t\t\t\t\t\t<\/div>\n\t\t\t\t<\/div>\n\t\t\t\t<\/div>\n\t\t<div data-particle_enable=\"false\" data-particle-mobile-disabled=\"false\" class=\"elementor-element elementor-element-71ab75a e-con-full e-flex e-con e-child\" data-id=\"71ab75a\" data-element_type=\"container\" data-settings=\"{&quot;background_background&quot;:&quot;classic&quot;}\">\n\t\t\t\t<div class=\"elementor-element elementor-element-ecbbdd8 elementor-widget elementor-widget-image\" data-id=\"ecbbdd8\" data-element_type=\"widget\" data-widget_type=\"image.default\">\n\t\t\t\t<div class=\"elementor-widget-container\">\n\t\t\t\t\t\t\t\t\t\t\t\t\t\t\t<img decoding=\"async\" width=\"240\" height=\"232\" src=\"https:\/\/www.starglidebelts.com\/wp-content\/uploads\/2023\/09\/MIC_SafetyGuide_03.06.23_jamming.png\" class=\"attachment-large size-large wp-image-527\" alt=\"\" \/>\t\t\t\t\t\t\t\t\t\t\t\t\t\t\t<\/div>\n\t\t\t\t<\/div>\n\t\t\t\t<div class=\"elementor-element elementor-element-015131f elementor-widget elementor-widget-text-editor\" data-id=\"015131f\" data-element_type=\"widget\" data-widget_type=\"text-editor.default\">\n\t\t\t\t<div class=\"elementor-widget-container\">\n\t\t\t\t\t\t\t\t\t<p>VERHINDERT<br \/>JAMMING<\/p>\t\t\t\t\t\t\t\t<\/div>\n\t\t\t\t<\/div>\n\t\t\t\t<\/div>\n\t\t\t\t\t<\/div>\n\t\t\t\t<\/div>\n\t\t\t\t\t<\/div>\n\t\t\t\t<\/div>\n\t\t<div data-particle_enable=\"false\" data-particle-mobile-disabled=\"false\" class=\"elementor-element elementor-element-6d3bb21 e-con-full e-flex e-con e-child\" data-id=\"6d3bb21\" data-element_type=\"container\" data-settings=\"{&quot;background_background&quot;:&quot;classic&quot;}\">\n\t\t<div data-particle_enable=\"false\" data-particle-mobile-disabled=\"false\" class=\"elementor-element elementor-element-b0ed9e9 e-flex e-con-boxed e-con e-child\" data-id=\"b0ed9e9\" data-element_type=\"container\">\n\t\t\t\t\t<div class=\"e-con-inner\">\n\t\t<div data-particle_enable=\"false\" data-particle-mobile-disabled=\"false\" class=\"elementor-element elementor-element-b19ff6d e-con-full e-flex e-con e-child\" data-id=\"b19ff6d\" data-element_type=\"container\">\n\t\t\t\t<div class=\"elementor-element elementor-element-67181ec elementor-widget elementor-widget-video\" data-id=\"67181ec\" data-element_type=\"widget\" data-settings=\"{&quot;loop&quot;:&quot;yes&quot;,&quot;video_type&quot;:&quot;vimeo&quot;}\" data-widget_type=\"video.default\">\n\t\t\t\t<div class=\"elementor-widget-container\">\n\t\t\t\t\t\t\t<div class=\"elementor-wrapper elementor-open-inline\">\n\t\t\t<iframe class=\"elementor-video-iframe\" allowfullscreen allow=\"clipboard-write\" title=\"vimeo Video Player\" src=\"https:\/\/player.vimeo.com\/video\/868897864?color&amp;autopause=0&amp;loop=1&amp;muted=0&amp;title=0&amp;portrait=0&amp;byline=0#t=\"><\/iframe>\t\t<\/div>\n\t\t\t\t\t\t<\/div>\n\t\t\t\t<\/div>\n\t\t\t\t<\/div>\n\t\t<div data-particle_enable=\"false\" data-particle-mobile-disabled=\"false\" class=\"elementor-element elementor-element-1149d18 e-con-full e-flex e-con e-child\" data-id=\"1149d18\" data-element_type=\"container\">\n\t\t\t\t<div class=\"elementor-element elementor-element-cfb4b17 elementor-widget elementor-widget-heading\" data-id=\"cfb4b17\" data-element_type=\"widget\" data-widget_type=\"heading.default\">\n\t\t\t\t<div class=\"elementor-widget-container\">\n\t\t\t\t\t<h2 class=\"elementor-heading-title elementor-size-default\">Einzigartiges Design, bei dem Ihr Komfort im Vordergrund steht.<\/h2>\t\t\t\t<\/div>\n\t\t\t\t<\/div>\n\t\t\t\t<div class=\"elementor-element elementor-element-d83fa20 elementor-widget elementor-widget-text-editor\" data-id=\"d83fa20\" data-element_type=\"widget\" data-widget_type=\"text-editor.default\">\n\t\t\t\t<div class=\"elementor-widget-container\">\n\t\t\t\t\t\t\t\t\t<p>Wir haben ein kreatives, innovatives Produkt entwickelt, das \u00fcber die gesamte Lebensdauer Ihrer Anlage Bestand haben wird. Das Band ist viel komfortabler als die herk\u00f6mmlichen Aluminiumpaletten und viel leiser. Keine klackenden Abs\u00e4tze, keine rollenden Taschen - nur ein glattes St\u00fcck.\u00a0<\/p>\t\t\t\t\t\t\t\t<\/div>\n\t\t\t\t<\/div>\n\t\t\t\t<\/div>\n\t\t\t\t\t<\/div>\n\t\t\t\t<\/div>\n\t\t\t\t<\/div>\n\t\t<div data-particle_enable=\"false\" data-particle-mobile-disabled=\"false\" class=\"elementor-element elementor-element-5fc830d e-flex e-con-boxed e-con e-parent\" data-id=\"5fc830d\" data-element_type=\"container\" data-settings=\"{&quot;background_background&quot;:&quot;classic&quot;}\">\n\t\t\t\t\t<div class=\"e-con-inner\">\n\t\t\t\t<div class=\"elementor-element elementor-element-bcc03a4 elementor-widget elementor-widget-heading\" data-id=\"bcc03a4\" data-element_type=\"widget\" data-widget_type=\"heading.default\">\n\t\t\t\t<div class=\"elementor-widget-container\">\n\t\t\t\t\t<h2 class=\"elementor-heading-title elementor-size-default\">Sicherheit und Komfort<\/h2>\t\t\t\t<\/div>\n\t\t\t\t<\/div>\n\t\t<div data-particle_enable=\"false\" data-particle-mobile-disabled=\"false\" class=\"elementor-element elementor-element-ffc33a3 e-flex e-con-boxed e-con e-child\" data-id=\"ffc33a3\" data-element_type=\"container\">\n\t\t\t\t\t<div class=\"e-con-inner\">\n\t\t<div data-particle_enable=\"false\" data-particle-mobile-disabled=\"false\" class=\"elementor-element elementor-element-d2a0592 e-flex e-con-boxed e-con e-child\" data-id=\"d2a0592\" data-element_type=\"container\">\n\t\t\t\t\t<div class=\"e-con-inner\">\n\t\t\t\t<div class=\"elementor-element elementor-element-7b8920a elementor-widget elementor-widget-accordion\" data-id=\"7b8920a\" data-element_type=\"widget\" data-widget_type=\"accordion.default\">\n\t\t\t\t<div class=\"elementor-widget-container\">\n\t\t\t\t\t\t\t<div class=\"elementor-accordion\">\n\t\t\t\t\t\t\t<div class=\"elementor-accordion-item\">\n\t\t\t\t\t<div id=\"elementor-tab-title-1291\" class=\"elementor-tab-title\" data-tab=\"1\" role=\"button\" aria-controls=\"elementor-tab-content-1291\" aria-expanded=\"false\">\n\t\t\t\t\t\t\t\t\t\t\t\t\t<span class=\"elementor-accordion-icon elementor-accordion-icon-left\" aria-hidden=\"true\">\n\t\t\t\t\t\t\t\t\t\t\t\t\t\t\t<span class=\"elementor-accordion-icon-closed\"><i class=\"fas fa-plus\"><\/i><\/span>\n\t\t\t\t\t\t\t\t<span class=\"elementor-accordion-icon-opened\"><i class=\"fas fa-minus\"><\/i><\/span>\n\t\t\t\t\t\t\t\t\t\t\t\t\t\t<\/span>\n\t\t\t\t\t\t\t\t\t\t\t\t<a class=\"elementor-accordion-title\" tabindex=\"0\">Sicherer<\/a>\n\t\t\t\t\t<\/div>\n\t\t\t\t\t<div id=\"elementor-tab-content-1291\" class=\"elementor-tab-content elementor-clearfix\" data-tab=\"1\" role=\"region\" aria-labelledby=\"elementor-tab-title-1291\"><ul><li>Unser Gurt ist bei N\u00e4sse nicht rutschig und erm\u00f6glicht eine sicherere Fahrt f\u00fcr die Passagiere.<\/li><li>An den Seiten l\u00e4uft das Band unter der Sockelleiste, wodurch die herk\u00f6mmlichen vertikalen Seitenfugen entfallen und die Gefahr des Einklemmens minimiert wird.<\/li><li>Die durchgehenden Profile sorgen f\u00fcr eine gute Ausrichtung zu den Kammplatten und verhindern, dass sich Gegenst\u00e4nde verklemmen.<\/li><\/ul><\/div>\n\t\t\t\t<\/div>\n\t\t\t\t\t\t\t<div class=\"elementor-accordion-item\">\n\t\t\t\t\t<div id=\"elementor-tab-title-1292\" class=\"elementor-tab-title\" data-tab=\"2\" role=\"button\" aria-controls=\"elementor-tab-content-1292\" aria-expanded=\"false\">\n\t\t\t\t\t\t\t\t\t\t\t\t\t<span class=\"elementor-accordion-icon elementor-accordion-icon-left\" aria-hidden=\"true\">\n\t\t\t\t\t\t\t\t\t\t\t\t\t\t\t<span class=\"elementor-accordion-icon-closed\"><i class=\"fas fa-plus\"><\/i><\/span>\n\t\t\t\t\t\t\t\t<span class=\"elementor-accordion-icon-opened\"><i class=\"fas fa-minus\"><\/i><\/span>\n\t\t\t\t\t\t\t\t\t\t\t\t\t\t<\/span>\n\t\t\t\t\t\t\t\t\t\t\t\t<a class=\"elementor-accordion-title\" tabindex=\"0\">Bequem<\/a>\n\t\t\t\t\t<\/div>\n\t\t\t\t\t<div id=\"elementor-tab-content-1292\" class=\"elementor-tab-content elementor-clearfix\" data-tab=\"2\" role=\"region\" aria-labelledby=\"elementor-tab-title-1292\"><ul><li>Unsere Gurtlaufstege sind so, als w\u00fcrde man auf Teppich und nicht auf Zement laufen.<\/li><li>Starglide-Gurte sind gelenkschonender und besser f\u00fcr Ihre Fahrg\u00e4ste, die in ihrer Mobilit\u00e4t eingeschr\u00e4nkt sind.<\/li><li>Unser G\u00fcrtel hat eine rutschfeste, gerippte Oberfl\u00e4che, die gegen jahrelangen Verschlei\u00df resistent ist.<\/li><\/ul><\/div>\n\t\t\t\t<\/div>\n\t\t\t\t\t\t\t<div class=\"elementor-accordion-item\">\n\t\t\t\t\t<div id=\"elementor-tab-title-1293\" class=\"elementor-tab-title\" data-tab=\"3\" role=\"button\" aria-controls=\"elementor-tab-content-1293\" aria-expanded=\"false\">\n\t\t\t\t\t\t\t\t\t\t\t\t\t<span class=\"elementor-accordion-icon elementor-accordion-icon-left\" aria-hidden=\"true\">\n\t\t\t\t\t\t\t\t\t\t\t\t\t\t\t<span class=\"elementor-accordion-icon-closed\"><i class=\"fas fa-plus\"><\/i><\/span>\n\t\t\t\t\t\t\t\t<span class=\"elementor-accordion-icon-opened\"><i class=\"fas fa-minus\"><\/i><\/span>\n\t\t\t\t\t\t\t\t\t\t\t\t\t\t<\/span>\n\t\t\t\t\t\t\t\t\t\t\t\t<a class=\"elementor-accordion-title\" tabindex=\"0\">Leiser<\/a>\n\t\t\t\t\t<\/div>\n\t\t\t\t\t<div id=\"elementor-tab-content-1293\" class=\"elementor-tab-content elementor-clearfix\" data-tab=\"3\" role=\"region\" aria-labelledby=\"elementor-tab-title-1293\"><ul><li class=\"m_-6217295758867692072MsoListParagraph\">Weniger ger\u00e4uschvoll als Metallpaletten.<br \/><u><\/u><\/li><li class=\"m_-6217295758867692072MsoListParagraph\">Sorgt f\u00fcr eine ruhige Fahrt und mindert den Stress der Fahrg\u00e4ste.<u><\/u><u><\/u><\/li><li class=\"m_-6217295758867692072MsoListParagraph\">Hervorragend geeignet f\u00fcr Menschen mit auditiver Sensibilit\u00e4t.<\/li><\/ul><\/div>\n\t\t\t\t<\/div>\n\t\t\t\t\t\t\t\t<\/div>\n\t\t\t\t\t\t<\/div>\n\t\t\t\t<\/div>\n\t\t\t\t\t<\/div>\n\t\t\t\t<\/div>\n\t\t<div data-particle_enable=\"false\" data-particle-mobile-disabled=\"false\" class=\"elementor-element elementor-element-e6f3e8b e-flex e-con-boxed e-con e-child\" data-id=\"e6f3e8b\" data-element_type=\"container\">\n\t\t\t\t\t<div class=\"e-con-inner\">\n\t\t<div data-particle_enable=\"false\" data-particle-mobile-disabled=\"false\" class=\"elementor-element elementor-element-51dfa5f e-flex e-con-boxed e-con e-child\" data-id=\"51dfa5f\" data-element_type=\"container\">\n\t\t\t\t\t<div class=\"e-con-inner\">\n\t\t<div data-particle_enable=\"false\" data-particle-mobile-disabled=\"false\" class=\"elementor-element elementor-element-b549446 e-con-full e-flex e-con e-child\" data-id=\"b549446\" data-element_type=\"container\">\n\t\t\t\t<div class=\"elementor-element elementor-element-8de45c1 elementor-widget elementor-widget-image\" data-id=\"8de45c1\" data-element_type=\"widget\" data-widget_type=\"image.default\">\n\t\t\t\t<div class=\"elementor-widget-container\">\n\t\t\t\t\t\t\t\t\t\t\t\t\t\t\t<img loading=\"lazy\" decoding=\"async\" width=\"240\" height=\"230\" src=\"https:\/\/www.starglidebelts.com\/wp-content\/uploads\/2023\/09\/MIC_SafetyGuide_03.06.23_soft.png\" class=\"attachment-large size-large wp-image-538\" alt=\"\" \/>\t\t\t\t\t\t\t\t\t\t\t\t\t\t\t<\/div>\n\t\t\t\t<\/div>\n\t\t\t\t<div class=\"elementor-element elementor-element-ea509a7 elementor-widget elementor-widget-text-editor\" data-id=\"ea509a7\" data-element_type=\"widget\" data-widget_type=\"text-editor.default\">\n\t\t\t\t<div class=\"elementor-widget-container\">\n\t\t\t\t\t\t\t\t\t<p>BEVORZUGTE WEICHE HAPTIK<\/p>\t\t\t\t\t\t\t\t<\/div>\n\t\t\t\t<\/div>\n\t\t\t\t<\/div>\n\t\t<div data-particle_enable=\"false\" data-particle-mobile-disabled=\"false\" class=\"elementor-element elementor-element-7b42993 e-con-full e-flex e-con e-child\" data-id=\"7b42993\" data-element_type=\"container\">\n\t\t\t\t<div class=\"elementor-element elementor-element-b947930 elementor-widget elementor-widget-image\" data-id=\"b947930\" data-element_type=\"widget\" data-widget_type=\"image.default\">\n\t\t\t\t<div class=\"elementor-widget-container\">\n\t\t\t\t\t\t\t\t\t\t\t\t\t\t\t<img loading=\"lazy\" decoding=\"async\" width=\"240\" height=\"230\" src=\"https:\/\/www.starglidebelts.com\/wp-content\/uploads\/2023\/09\/MIC_SafetyGuide_03.06.23_joints.png\" class=\"attachment-large size-large wp-image-536\" alt=\"\" \/>\t\t\t\t\t\t\t\t\t\t\t\t\t\t\t<\/div>\n\t\t\t\t<\/div>\n\t\t\t\t<div class=\"elementor-element elementor-element-a10318c elementor-widget elementor-widget-text-editor\" data-id=\"a10318c\" data-element_type=\"widget\" data-widget_type=\"text-editor.default\">\n\t\t\t\t<div class=\"elementor-widget-container\">\n\t\t\t\t\t\t\t\t\t<p>SCHONUNG DER GELENKE<\/p>\t\t\t\t\t\t\t\t<\/div>\n\t\t\t\t<\/div>\n\t\t\t\t<\/div>\n\t\t<div data-particle_enable=\"false\" data-particle-mobile-disabled=\"false\" class=\"elementor-element elementor-element-d578e78 e-con-full e-flex e-con e-child\" data-id=\"d578e78\" data-element_type=\"container\">\n\t\t\t\t<div class=\"elementor-element elementor-element-0521345 elementor-widget elementor-widget-image\" data-id=\"0521345\" data-element_type=\"widget\" data-widget_type=\"image.default\">\n\t\t\t\t<div class=\"elementor-widget-container\">\n\t\t\t\t\t\t\t\t\t\t\t\t\t\t\t<img loading=\"lazy\" decoding=\"async\" width=\"240\" height=\"230\" src=\"https:\/\/www.starglidebelts.com\/wp-content\/uploads\/2023\/09\/MIC_SafetyGuide_03.06.23_wear.png\" class=\"attachment-large size-large wp-image-539\" alt=\"\" \/>\t\t\t\t\t\t\t\t\t\t\t\t\t\t\t<\/div>\n\t\t\t\t<\/div>\n\t\t\t\t<div class=\"elementor-element elementor-element-3eb11f4 elementor-widget elementor-widget-text-editor\" data-id=\"3eb11f4\" data-element_type=\"widget\" data-widget_type=\"text-editor.default\">\n\t\t\t\t<div class=\"elementor-widget-container\">\n\t\t\t\t\t\t\t\t\t<p>ABNUTZUNGSRESISTENT<\/p>\t\t\t\t\t\t\t\t<\/div>\n\t\t\t\t<\/div>\n\t\t\t\t<\/div>\n\t\t\t\t\t<\/div>\n\t\t\t\t<\/div>\n\t\t<div data-particle_enable=\"false\" data-particle-mobile-disabled=\"false\" class=\"elementor-element elementor-element-2acacc5 e-flex e-con-boxed e-con e-child\" data-id=\"2acacc5\" data-element_type=\"container\">\n\t\t\t\t\t<div class=\"e-con-inner\">\n\t\t<div data-particle_enable=\"false\" data-particle-mobile-disabled=\"false\" class=\"elementor-element elementor-element-9bdb260 e-con-full e-flex e-con e-child\" data-id=\"9bdb260\" data-element_type=\"container\">\n\t\t\t\t<div class=\"elementor-element elementor-element-550423c elementor-widget elementor-widget-image\" data-id=\"550423c\" data-element_type=\"widget\" data-widget_type=\"image.default\">\n\t\t\t\t<div class=\"elementor-widget-container\">\n\t\t\t\t\t\t\t\t\t\t\t\t\t\t\t<img loading=\"lazy\" decoding=\"async\" width=\"240\" height=\"231\" src=\"https:\/\/www.starglidebelts.com\/wp-content\/uploads\/2023\/09\/MIC_SafetyGuide_03.06.23_quiter.png\" class=\"attachment-large size-large wp-image-537\" alt=\"\" \/>\t\t\t\t\t\t\t\t\t\t\t\t\t\t\t<\/div>\n\t\t\t\t<\/div>\n\t\t\t\t<div class=\"elementor-element elementor-element-4eb2090 elementor-widget elementor-widget-text-editor\" data-id=\"4eb2090\" data-element_type=\"widget\" data-widget_type=\"text-editor.default\">\n\t\t\t\t<div class=\"elementor-widget-container\">\n\t\t\t\t\t\t\t\t\t<p>LESS<br \/>L\u00c4RM<\/p>\t\t\t\t\t\t\t\t<\/div>\n\t\t\t\t<\/div>\n\t\t\t\t<\/div>\n\t\t<div data-particle_enable=\"false\" data-particle-mobile-disabled=\"false\" class=\"elementor-element elementor-element-454cdcb e-con-full e-flex e-con e-child\" data-id=\"454cdcb\" data-element_type=\"container\">\n\t\t\t\t<div class=\"elementor-element elementor-element-8e9fcf0 elementor-widget elementor-widget-image\" data-id=\"8e9fcf0\" data-element_type=\"widget\" data-widget_type=\"image.default\">\n\t\t\t\t<div class=\"elementor-widget-container\">\n\t\t\t\t\t\t\t\t\t\t\t\t\t\t\t<img loading=\"lazy\" decoding=\"async\" width=\"240\" height=\"231\" src=\"https:\/\/www.starglidebelts.com\/wp-content\/uploads\/2023\/09\/MIC_SafetyGuide_03.06.23_calm.png\" class=\"attachment-large size-large wp-image-535\" alt=\"\" \/>\t\t\t\t\t\t\t\t\t\t\t\t\t\t\t<\/div>\n\t\t\t\t<\/div>\n\t\t\t\t<div class=\"elementor-element elementor-element-d2bcf43 elementor-widget elementor-widget-text-editor\" data-id=\"d2bcf43\" data-element_type=\"widget\" data-widget_type=\"text-editor.default\">\n\t\t\t\t<div class=\"elementor-widget-container\">\n\t\t\t\t\t\t\t\t\t<p>CALM<br \/>RIDE<\/p>\t\t\t\t\t\t\t\t<\/div>\n\t\t\t\t<\/div>\n\t\t\t\t<\/div>\n\t\t<div data-particle_enable=\"false\" data-particle-mobile-disabled=\"false\" class=\"elementor-element elementor-element-bd9291c e-con-full e-flex e-con e-child\" data-id=\"bd9291c\" data-element_type=\"container\">\n\t\t\t\t<div class=\"elementor-element elementor-element-2106d49 elementor-widget elementor-widget-image\" data-id=\"2106d49\" data-element_type=\"widget\" data-widget_type=\"image.default\">\n\t\t\t\t<div class=\"elementor-widget-container\">\n\t\t\t\t\t\t\t\t\t\t\t\t\t\t\t<img loading=\"lazy\" decoding=\"async\" width=\"240\" height=\"231\" src=\"https:\/\/www.starglidebelts.com\/wp-content\/uploads\/2023\/09\/MIC_SafetyGuide_03.06.23_auditory.png\" class=\"attachment-large size-large wp-image-534\" alt=\"\" \/>\t\t\t\t\t\t\t\t\t\t\t\t\t\t\t<\/div>\n\t\t\t\t<\/div>\n\t\t\t\t<div class=\"elementor-element elementor-element-f0d054d elementor-widget elementor-widget-text-editor\" data-id=\"f0d054d\" data-element_type=\"widget\" data-widget_type=\"text-editor.default\">\n\t\t\t\t<div class=\"elementor-widget-container\">\n\t\t\t\t\t\t\t\t\t<p>AUDITIV EMPFINDLICH<\/p>\t\t\t\t\t\t\t\t<\/div>\n\t\t\t\t<\/div>\n\t\t\t\t<\/div>\n\t\t\t\t\t<\/div>\n\t\t\t\t<\/div>\n\t\t\t\t\t<\/div>\n\t\t\t\t<\/div>\n\t\t\t\t\t<\/div>\n\t\t\t\t<\/div>\n\t\t\t\t\t<\/div>\n\t\t\t\t<\/div>\n\t\t<div data-particle_enable=\"false\" data-particle-mobile-disabled=\"false\" class=\"elementor-element elementor-element-ddbe096 e-flex e-con-boxed e-con e-child\" data-id=\"ddbe096\" data-element_type=\"container\">\n\t\t\t\t\t<div class=\"e-con-inner\">\n\t\t\t\t<div class=\"elementor-element elementor-element-f49627a elementor-widget elementor-widget-heading\" data-id=\"f49627a\" data-element_type=\"widget\" data-widget_type=\"heading.default\">\n\t\t\t\t<div class=\"elementor-widget-container\">\n\t\t\t\t\t<h2 class=\"elementor-heading-title elementor-size-default\">Der Unterschied ist leicht zu sp\u00fcren.<\/h2>\t\t\t\t<\/div>\n\t\t\t\t<\/div>\n\t\t\t\t<div class=\"elementor-element elementor-element-6689c69 elementor-widget elementor-widget-button\" data-id=\"6689c69\" data-element_type=\"widget\" data-widget_type=\"button.default\">\n\t\t\t\t<div class=\"elementor-widget-container\">\n\t\t\t\t\t\t\t\t\t<div class=\"elementor-button-wrapper\">\n\t\t\t\t\t<a class=\"elementor-button elementor-button-link elementor-size-sm\" href=\"\/de\/contact\/\">\n\t\t\t\t\t\t<span class=\"elementor-button-content-wrapper\">\n\t\t\t\t\t\t\t\t\t<span class=\"elementor-button-text\">Kontakt<\/span>\n\t\t\t\t\t<\/span>\n\t\t\t\t\t<\/a>\n\t\t\t\t<\/div>\n\t\t\t\t\t\t\t\t<\/div>\n\t\t\t\t<\/div>\n\t\t\t\t\t<\/div>\n\t\t\t\t<\/div>\n\t\t\t\t<\/div>","protected":false},"excerpt":{"rendered":"<p>Eine bessere, sicherere und komfortablere Art, Fahrg\u00e4ste vorw\u00e4rts zu bef\u00f6rdern. Eine bessere, sicherere und komfortablere Art, Fahrg\u00e4ste vorw\u00e4rts zu bef\u00f6rdern. NICHT SCHLAUCHEND, wenn es nass ist, WENIGER RISIKO DES EINKLEINSCHLAGENS VERHINDERT EINKLEMMEN Einzigartiges Design, bei dem Ihr Komfort im Vordergrund steht. Wir haben ein kreatives, innovatives Produkt entwickelt, das \u00fcber die gesamte Lebensdauer Ihrer Anlage Bestand haben wird. Der G\u00fcrtel ist ...<\/p>","protected":false},"author":1,"featured_media":216,"parent":0,"menu_order":0,"comment_status":"closed","ping_status":"closed","template":"elementor_header_footer","meta":{"_seopress_robots_primary_cat":"","_seopress_titles_title":"Easy &amp; Safe \u2013 Starglide Belt Moving Walkways","_seopress_titles_desc":"A better, safer &amp; more comfortable way to move passengers forward. We&#039;ve designed a creative, innovative product that is much more comfortable to ride than the traditional aluminum pallets, and a lot quieter.","_seopress_robots_index":"","_genesis_block_theme_hide_title":false,"footnotes":""},"class_list":["post-333","page","type-page","status-publish","has-post-thumbnail","hentry","post","with-featured-image"],"_links":{"self":[{"href":"https:\/\/www.starglidebelts.com\/de\/wp-json\/wp\/v2\/pages\/333"}],"collection":[{"href":"https:\/\/www.starglidebelts.com\/de\/wp-json\/wp\/v2\/pages"}],"about":[{"href":"https:\/\/www.starglidebelts.com\/de\/wp-json\/wp\/v2\/types\/page"}],"author":[{"embeddable":true,"href":"https:\/\/www.starglidebelts.com\/de\/wp-json\/wp\/v2\/users\/1"}],"replies":[{"embeddable":true,"href":"https:\/\/www.starglidebelts.com\/de\/wp-json\/wp\/v2\/comments?post=333"}],"version-history":[{"count":46,"href":"https:\/\/www.starglidebelts.com\/de\/wp-json\/wp\/v2\/pages\/333\/revisions"}],"predecessor-version":[{"id":836,"href":"https:\/\/www.starglidebelts.com\/de\/wp-json\/wp\/v2\/pages\/333\/revisions\/836"}],"wp:featuredmedia":[{"embeddable":true,"href":"https:\/\/www.starglidebelts.com\/de\/wp-json\/wp\/v2\/media\/216"}],"wp:attachment":[{"href":"https:\/\/www.starglidebelts.com\/de\/wp-json\/wp\/v2\/media?parent=333"}],"curies":[{"name":"wp","href":"https:\/\/api.w.org\/{rel}","templated":true}]}}